{"id":61,"date":"2016-10-10T10:35:57","date_gmt":"2016-10-10T09:35:57","guid":{"rendered":"https:\/\/trigano-hpa.com\/de\/fr\/?page_id=61"},"modified":"2025-10-23T09:02:45","modified_gmt":"2025-10-23T08:02:45","slug":"habitats-com-telhados","status":"publish","type":"page","link":"https:\/\/trigano-hpa.com\/pt\/habitats-com-telhados\/","title":{"rendered":"Habitats com telhados"},"content":{"rendered":"<p>[et_pb_section fb_built=&#8221;1&#8243; fullwidth=&#8221;on&#8221; custom_padding_last_edited=&#8221;on|desktop&#8221; admin_label=&#8221;section&#8221; _builder_version=&#8221;4.16&#8243; background_color=&#8221;#f2eee7&#8243; custom_padding_tablet=&#8221;50px|0|50px|0&#8243; transparent_background=&#8221;off&#8221; padding_mobile=&#8221;off&#8221; make_fullwidth=&#8221;off&#8221; use_custom_width=&#8221;off&#8221; width_unit=&#8221;on&#8221; custom_width_px=&#8221;1080px&#8221; custom_width_percent=&#8221;80%&#8221; global_colors_info=&#8221;{}&#8221; custom_padding_phone=&#8221;50px|0|50px|0&#8243;][et_pb_fullwidth_portfolio fullwidth=&#8221;off&#8221; include_categories=&#8221;54&#8243; show_date=&#8221;off&#8221; admin_label=&#8221;Fullwidth Portfolio&#8221; _builder_version=&#8221;4.27.4&#8243; background_size=&#8221;initial&#8221; background_position=&#8221;top_left&#8221; background_repeat=&#8221;repeat&#8221; background_layout=&#8221;dark&#8221; hover_enabled=&#8221;0&#8243; use_border_color=&#8221;off&#8221; border_color=&#8221;#ffffff&#8221; border_style=&#8221;solid&#8221; global_colors_info=&#8221;{}&#8221; sticky_enabled=&#8221;0&#8243;] [\/et_pb_fullwidth_portfolio][\/et_pb_section][et_pb_section fb_built=&#8221;1&#8243; admin_label=&#8221;Section&#8221; _builder_version=&#8221;4.16&#8243; global_colors_info=&#8221;{}&#8221;][et_pb_row admin_label=&#8221;Ligne&#8221; _builder_version=&#8221;4.16&#8243; background_size=&#8221;initial&#8221; background_position=&#8221;top_left&#8221; background_repeat=&#8221;repeat&#8221; global_colors_info=&#8221;{}&#8221;][et_pb_column type=&#8221;4_4&#8243; _builder_version=&#8221;4.16&#8243; custom_padding=&#8221;|||&#8221; global_colors_info=&#8221;{}&#8221; custom_padding__hover=&#8221;|||&#8221;][et_pb_blurb use_icon=&#8221;on&#8221; font_icon=&#8221;&#x7c;||divi||400&#8243; admin_label=&#8221;R\u00e9sum\u00e9&#8221; _builder_version=&#8221;4.16&#8243; background_size=&#8221;initial&#8221; background_position=&#8221;top_left&#8221; background_repeat=&#8221;repeat&#8221; text_orientation=&#8221;center&#8221; use_border_color=&#8221;off&#8221; border_color=&#8221;#ffffff&#8221; border_style=&#8221;solid&#8221; image_max_width=&#8221;none&#8221; use_circle=&#8221;off&#8221; use_circle_border=&#8221;off&#8221; circle_border_color=&#8221;#dd3333&#8243; circle_color=&#8221;#dd3333&#8243; global_colors_info=&#8221;{}&#8221;]Nos lodges \u00e9quip\u00e9s de blocs sanitaires<br \/>\nDes vacances en Lodge avec tout le confort d\u2019un mobil-home!<\/p>\n<p>Une salle de bain monobloc enti\u00e8rement pr\u00e9-mont\u00e9e dans notre usine Trigano.<br \/>\n\u00c0 poser directement sur le plancher d\u00e9j\u00e0 existant du lodge. Raccordement rapide au coffret \u00e9lectrique et \u00e0 une arriv\u00e9e d\u2019eau ainsi qu\u2019aux eaux us\u00e9es..<br \/>\nLa cabine sanitaire est compos\u00e9e d\u2019une douche, d\u2019un lavabo, d\u2019un WC, de 2 \u00e9clairages command\u00e9s par interrupteur et d\u2019une prise \u00e9lectrique.<br \/>\nElle est raccord\u00e9e \u00e0 un chauffe-eau \u00e9lectrique de 50L ou \u00e0 gaz en option.<br \/>\n[\/et_pb_blurb][et_pb_image src=&#8221;https:\/\/trigano-hpa.com\/pt\/wp-content\/uploads\/2025\/10\/gamme-2.jpg&#8221; alt=&#8221;Bloc Salle de Bain&#8221; align=&#8221;center&#8221; align_tablet=&#8221;center&#8221; align_last_edited=&#8221;on|desktop&#8221; admin_label=&#8221;Image&#8221; _builder_version=&#8221;4.27.4&#8243; animation_style=&#8221;fade&#8221; animation_duration=&#8221;500ms&#8221; hover_enabled=&#8221;0&#8243; use_border_color=&#8221;off&#8221; border_color=&#8221;#ffffff&#8221; border_style=&#8221;solid&#8221; animation=&#8221;fade_in&#8221; sticky=&#8221;off&#8221; always_center_on_mobile=&#8221;on&#8221; global_colors_info=&#8221;{}&#8221; sticky_enabled=&#8221;0&#8243; title_text=&#8221;gamme (2)&#8221; align_phone=&#8221;center&#8221;] [\/et_pb_image][\/et_pb_column][\/et_pb_row][\/et_pb_section]<\/p>\n","protected":false},"excerpt":{"rendered":"<p>Nos lodges \u00e9quip\u00e9s de blocs sanitaires Des vacances en Lodge avec tout le confort d\u2019un mobil-home! Une salle de bain monobloc enti\u00e8rement pr\u00e9-mont\u00e9e dans notre usine Trigano. \u00c0 poser directement sur le plancher d\u00e9j\u00e0 existant du lodge. Raccordement rapide au coffret \u00e9lectrique et \u00e0 une arriv\u00e9e d\u2019eau ainsi qu\u2019aux eaux us\u00e9es.. La cabine sanitaire est [&hellip;]<\/p>\n","protected":false},"author":2,"featured_media":0,"parent":0,"menu_order":0,"comment_status":"closed","ping_status":"closed","template":"","meta":{"_et_pb_use_builder":"on","_et_pb_old_content":"","_et_gb_content_width":"","footnotes":""},"class_list":["post-61","page","type-page","status-publish","hentry"],"_links":{"self":[{"href":"https:\/\/trigano-hpa.com\/pt\/wp-json\/wp\/v2\/pages\/61","targetHints":{"allow":["GET"]}}],"collection":[{"href":"https:\/\/trigano-hpa.com\/pt\/wp-json\/wp\/v2\/pages"}],"about":[{"href":"https:\/\/trigano-hpa.com\/pt\/wp-json\/wp\/v2\/types\/page"}],"author":[{"embeddable":true,"href":"https:\/\/trigano-hpa.com\/pt\/wp-json\/wp\/v2\/users\/2"}],"replies":[{"embeddable":true,"href":"https:\/\/trigano-hpa.com\/pt\/wp-json\/wp\/v2\/comments?post=61"}],"version-history":[{"count":2,"href":"https:\/\/trigano-hpa.com\/pt\/wp-json\/wp\/v2\/pages\/61\/revisions"}],"predecessor-version":[{"id":5567,"href":"https:\/\/trigano-hpa.com\/pt\/wp-json\/wp\/v2\/pages\/61\/revisions\/5567"}],"wp:attachment":[{"href":"https:\/\/trigano-hpa.com\/pt\/wp-json\/wp\/v2\/media?parent=61"}],"curies":[{"name":"wp","href":"https:\/\/api.w.org\/{rel}","templated":true}]}}