{"id":518,"date":"2016-10-16T18:17:27","date_gmt":"2016-10-16T17:17:27","guid":{"rendered":"https:\/\/trigano-hpa.com\/de\/fr\/?page_id=518"},"modified":"2016-12-08T12:14:34","modified_gmt":"2016-12-08T11:14:34","slug":"mentions-legales","status":"publish","type":"page","link":"https:\/\/trigano-hpa.com\/pt\/mentions-legales\/","title":{"rendered":"Mentions l\u00e9gales"},"content":{"rendered":"<p>[et_pb_section admin_label=&#8221;section&#8221; fullwidth=&#8221;on&#8221; specialty=&#8221;off&#8221; inner_shadow=&#8221;off&#8221; parallax=&#8221;off&#8221; background_color=&#8221;#2ea3f2&#8243;][et_pb_fullwidth_header admin_label=&#8221;Mentions l\u00e9gales&#8221; title=&#8221;Mentions l\u00e9gales&#8221; background_layout=&#8221;dark&#8221; text_orientation=&#8221;left&#8221; header_fullscreen=&#8221;off&#8221; header_scroll_down=&#8221;off&#8221; parallax=&#8221;off&#8221; parallax_method=&#8221;off&#8221; content_orientation=&#8221;center&#8221; image_orientation=&#8221;center&#8221; custom_button_one=&#8221;off&#8221; button_one_letter_spacing=&#8221;0&#8243; button_one_use_icon=&#8221;default&#8221; button_one_icon_placement=&#8221;right&#8221; button_one_on_hover=&#8221;on&#8221; button_one_letter_spacing_hover=&#8221;0&#8243; custom_button_two=&#8221;off&#8221; button_two_letter_spacing=&#8221;0&#8243; button_two_use_icon=&#8221;default&#8221; button_two_icon_placement=&#8221;right&#8221; button_two_on_hover=&#8221;on&#8221; button_two_letter_spacing_hover=&#8221;0&#8243;] [\/et_pb_fullwidth_header][\/et_pb_section][et_pb_section admin_label=&#8221;section&#8221;][et_pb_row admin_label=&#8221;row&#8221;][et_pb_column type=&#8221;4_4&#8243;][et_pb_text admin_label=&#8221;Editeur du site&#8221; background_layout=&#8221;light&#8221; text_orientation=&#8221;left&#8221; use_border_color=&#8221;off&#8221; border_color=&#8221;#ffffff&#8221; border_style=&#8221;solid&#8221;]<\/p>\n<h2>Editeur du site<\/h2>\n<p>TRIGANO MDC<br \/>\nSoci\u00e9t\u00e9 par actions simplifi\u00e9e au capital de 9.000.000 euros<br \/>\nSi\u00e8ge social : 100 rue Petit 75019 PARIS<\/p>\n<p>Immatricul\u00e9e sous le num\u00e9ro 775 735 020 RCS PARIS<br \/>\nTVA Intracommunautaire : FR 84 775 735 020<br \/>\nT\u00e9l\u00e9phone :\u00a001 46 87 33 70<\/p>\n<p>[\/et_pb_text][\/et_pb_column][\/et_pb_row][et_pb_row admin_label=&#8221;row&#8221;][et_pb_column type=&#8221;1_2&#8243;][et_pb_text admin_label=&#8221;Informations g\u00e9n\u00e9rales&#8221; background_layout=&#8221;light&#8221; text_orientation=&#8221;left&#8221; use_border_color=&#8221;off&#8221; border_color=&#8221;#ffffff&#8221; border_style=&#8221;solid&#8221;]<\/p>\n<h3>Informations g\u00e9n\u00e9rales<\/h3>\n<p>Directeur de publication : Madame Marie-H\u00e9l\u00e8ne FEUILLET<br \/>\nContact :<br \/>\nTRIGANO MDC &#8211;\u00a0Bat. B Hall 4 &#8211; n\u00b0\u00a03-5 rue du pont des Halles &#8211;\u00a094150 Rungis<br \/>\nT\u00e9l\u00e9phone : 01 46 87 33 70 \u2013 T\u00e9l\u00e9copie : 01 45 60 93 27<br \/>\ne-mail : contact.mdc@trigano.fr<\/p>\n<p>[\/et_pb_text][\/et_pb_column][et_pb_column type=&#8221;1_2&#8243;][et_pb_text admin_label=&#8221;H\u00e9bergement du site&#8221; background_layout=&#8221;light&#8221; text_orientation=&#8221;left&#8221; use_border_color=&#8221;off&#8221; border_color=&#8221;#ffffff&#8221; border_style=&#8221;solid&#8221;]<\/p>\n<h3>H\u00e9bergement du site<\/h3>\n<p>OVH<br \/>\nSAS au capital de 500 k\u20ac<br \/>\nRCS Roubaix \u2013 Tourcoing 424 761 419 00011<br \/>\nCode APE 721Z<br \/>\nN\u00b0TVA 22-424-761-419-00011<br \/>\nSi\u00e8ge social : 140 Quai du Sartel &#8211; 59100 Roubaix &#8211; France<\/p>\n<h3><\/h3>\n<p>[\/et_pb_text][\/et_pb_column][\/et_pb_row][et_pb_row admin_label=&#8221;row&#8221;][et_pb_column type=&#8221;1_3&#8243;][et_pb_text admin_label=&#8221;D\u00e9claration CNIL&#8221; background_layout=&#8221;light&#8221; text_orientation=&#8221;left&#8221; use_border_color=&#8221;off&#8221; border_color=&#8221;#ffffff&#8221; border_style=&#8221;solid&#8221;]<\/p>\n<h4>D\u00e9claration CNIL<\/h4>\n<p>Conform\u00e9ment \u00e0 la loi &#8220;Informatique et Libert\u00e9s&#8221; du 6 janvier 1978 modifi\u00e9e, le site a fait l&#8217;objet d&#8217;une d\u00e9claration aupr\u00e8s de la CNIL (n\u00b0 1672450 v 0).<\/p>\n<p>Droits de propri\u00e9t\u00e9 intellectuelle<br \/>\nLe pr\u00e9sent Site constitue une \u0153uvre dont TRIGANO MDC est l\u2019auteur au sens des articles L 111.1 et suivants du code de la propri\u00e9t\u00e9 intellectuelle. La conception et le d\u00e9veloppement du Site ont \u00e9t\u00e9 assur\u00e9s par la soci\u00e9t\u00e9 Wdirect qui reste titulaire des droit sur ses propres cr\u00e9ations.<br \/>\nLes photographies, textes, slogans, dessins, images, s\u00e9quences sonores anim\u00e9es ou non ainsi que toutes \u0153uvres int\u00e9gr\u00e9s dans le site sont la propri\u00e9t\u00e9 de TRIGANO MDC ou de tiers ayant autoris\u00e9s TRIGANO MDC \u00e0 les utiliser.<\/p>\n<p>Les reproductions, sur support papier ou informatique, du Site et des \u0153uvres et mod\u00e8les qui y sont reproduits sont autoris\u00e9es sous r\u00e9serve qu\u2019elles soient strictement r\u00e9serv\u00e9es \u00e0 un usage personnel excluant tout usage \u00e0 des fins publicitaires et\/ou commerciales et\/ou d\u2019information et\/ou qu\u2019elles soient conformes aux dispositions de l\u2019article L122-5 du code de la propri\u00e9t\u00e9 intellectuelle.<\/p>\n<p>[\/et_pb_text][\/et_pb_column][et_pb_column type=&#8221;1_3&#8243;][et_pb_text admin_label=&#8221;Droits et propri\u00e9t\u00e9s&#8221; background_layout=&#8221;light&#8221; text_orientation=&#8221;left&#8221; use_border_color=&#8221;off&#8221; border_color=&#8221;#ffffff&#8221; border_style=&#8221;solid&#8221;]<\/p>\n<h4>Droits et propri\u00e9t\u00e9s<\/h4>\n<p><strong>Droits de propri\u00e9t\u00e9 intellectuelle <\/strong><br \/>\nLe pr\u00e9sent Site constitue une \u0153uvre dont TRIGANO MDC est l\u2019auteur au sens des articles L 111.1 et suivants du code de la propri\u00e9t\u00e9 intellectuelle. La conception et le d\u00e9veloppement du Site ont \u00e9t\u00e9 assur\u00e9s par la soci\u00e9t\u00e9 Wdirect qui reste titulaire des droit sur ses propres cr\u00e9ations.<br \/>\nLes photographies, textes, slogans, dessins, images, s\u00e9quences sonores anim\u00e9es ou non ainsi que toutes \u0153uvres int\u00e9gr\u00e9s dans le site sont la propri\u00e9t\u00e9 de TRIGANO MDC ou de tiers ayant autoris\u00e9s TRIGANO MDC \u00e0 les utiliser.<\/p>\n<p>Les reproductions, sur support papier ou informatique, du Site et des \u0153uvres et mod\u00e8les qui y sont reproduits sont autoris\u00e9es sous r\u00e9serve qu\u2019elles soient strictement r\u00e9serv\u00e9es \u00e0 un usage personnel excluant tout usage \u00e0 des fins publicitaires et\/ou commerciales et\/ou d\u2019information et\/ou qu\u2019elles soient conformes aux dispositions de l\u2019article L122-5 du code de la propri\u00e9t\u00e9 intellectuelle.<\/p>\n<p><strong>Droits des marques <\/strong><br \/>\nLes marques cit\u00e9es sur le Site sont la propri\u00e9t\u00e9 de TRIGANO MDC, et\/ou sont utilis\u00e9es par TRIGANO MDC avec l\u2019autorisation de leur titulaire, comme simple indication de produits ou services propos\u00e9s par TRIGANO MDC.<br \/>\n<strong>Gestion des mots de passe et code d\u2019acc\u00e8s<\/strong><br \/>\nAu cours de la cr\u00e9ation de son compte, le Client saisit un mot de passe. Le Client est seul responsable de la conservation du caract\u00e8re confidentiel de son compte et de son mot de passe et de toutes actions qui pourront \u00eatre faites sous son compte et son mot de passe. Le Client s\u2019engage \u00e0 informer imm\u00e9diatement TRIGANO MDC de toute utilisation non autoris\u00e9e de son compte et\/ou de son mot de passe. TRIGANO MDC ne saurait \u00eatre tenue responsable de toute perte ou dommage survenant en cas de manquements \u00e0 ces obligations.<br \/>\n<strong>Donn\u00e9es personnelles <\/strong><br \/>\nCertaines donn\u00e9es et informations concernant le Client, recueillies sur le Site pour les besoins de gestion de la commande, peuvent \u00eatre transmises aux soci\u00e9t\u00e9s ou aux transporteurs, charg\u00e9s du traitement et de l\u2019ex\u00e9cution des commandes. Ces donn\u00e9es et informations sont \u00e9galement conserv\u00e9es \u00e0 des fins de s\u00e9curit\u00e9, afin de respecter les obligations l\u00e9gales et r\u00e9glementaires.<br \/>\nConform\u00e9ment \u00e0 la loi \u00ab informatique et libert\u00e9 \u00bb n\u00b078-17 du 6 janvier 1978, le Client dispose \u00e0 tout moment, d\u2019un droit d\u2019acc\u00e8s, de modification, de rectification et de suppression des donn\u00e9es le concernant. Pour exercer ce droit, le Client peut acc\u00e9der directement \u00e0 ses donn\u00e9es personnelles et les modifier en se rendant sur le Site, dans la rubrique \u00ab Votre compte \u00bb et en s\u2019identifiant avec son mot de passe.<br \/>\nLe Client peut \u00e9galement en faire la demande en s\u2019adressant \u00e0 :<br \/>\nTRIGANO MDC, Bat. B Hall 4 &#8211; n\u00b0\u00a03-5 rue du pont des Halles &#8211;\u00a094150 Rungis\u00a0ou en envoyant un mail \u00e0 contact.mdc@trigano.fr<\/p>\n<p>[\/et_pb_text][\/et_pb_column][et_pb_column type=&#8221;1_3&#8243;][et_pb_text admin_label=&#8221;Cookies&#8221; background_layout=&#8221;light&#8221; text_orientation=&#8221;left&#8221; use_border_color=&#8221;off&#8221; border_color=&#8221;#ffffff&#8221; border_style=&#8221;solid&#8221;]<\/p>\n<h4>Cookies<\/h4>\n<p>Lors de sa visite sur le site trigano-hpa.com, nous sommes susceptibles d\u2019implanter un cookie dans l\u2019ordinateur du Client.<br \/>\nUn cookie est un petit bloc de donn\u00e9es envoy\u00e9 \u00e0 son navigateur par un serveur web et stock\u00e9 sur le disque dur de son ordinateur. Le cookie ne nous permet pas d\u2019identifier personnellement le Client. De mani\u00e8re g\u00e9n\u00e9rale, le cookie nous permet d\u2019enregistrer des informations relatives \u00e0 sa navigation sur notre site (exemple : pages consult\u00e9es).<\/p>\n<p>trigano-hpa.com utilise des cookies, d\u00e9pos\u00e9s par trigano-hpa et\/ou ses partenaires :<\/p>\n<p>pour des raisons techniques (identification de session, m\u00e9morisation des pr\u00e9f\u00e9rences, du panier&#8230;)<br \/>\n\u00e0 des fins d\u2019analyses statistiques et de gestion de trafic<br \/>\n\u00e0 des fins commerciales et publicitaires, pour l\u2019affichage de banni\u00e8re publicitaires en lien avec vos centres d\u2019int\u00e9r\u00eats<\/p>\n<p>Vous pouvez g\u00e9rer et supprimer les cookies ou configurer en mode \u00ab Navigation Priv\u00e9e \u00bb en fonction du navigateur que vous utilisez,<br \/>\nmais vous pourrez \u00eatre amen\u00e9 \u00e0 perdre certaines donn\u00e9es de connexion et de panier.<\/p>\n<p>Pour supprimer les cookies sur Internet Explorer :<br \/>\nhttp:\/\/windows.microsoft.com\/fr-fr\/internet-explorer\/delete-manage-cookies#ie=ie-11<\/p>\n<p>Pour supprimer les cookies sur Mozilla Firefox :<br \/>\nhttps:\/\/support.mozilla.org\/fr\/kb\/effacer-cookies-supprimer-infos-sites-enregistrees<\/p>\n<p>Pour supprimer les cookies sur Safari :<br \/>\nhttp:\/\/support.apple.com\/kb\/ht1677?viewlocale=fr_FR&#038;locale=fr_FR<\/p>\n<p>Pour supprimer les cookies sur Google Chrome :<br \/>\nhttps:\/\/support.google.com\/chrome\/answer\/95647?hl=fr<\/p>\n<p>[\/et_pb_text][\/et_pb_column][\/et_pb_row][\/et_pb_section]<\/p>\n","protected":false},"excerpt":{"rendered":"<p>Editeur du site TRIGANO MDC Soci\u00e9t\u00e9 par actions simplifi\u00e9e au capital de 9.000.000 euros Si\u00e8ge social : 100 rue Petit 75019 PARIS Immatricul\u00e9e sous le num\u00e9ro 775 735 020 RCS PARIS TVA Intracommunautaire : FR 84 775 735 020 T\u00e9l\u00e9phone :\u00a001 46 87 33 70 Informations g\u00e9n\u00e9rales Directeur de publication : Madame Marie-H\u00e9l\u00e8ne FEUILLET Contact [&hellip;]<\/p>\n","protected":false},"author":1,"featured_media":0,"parent":0,"menu_order":0,"comment_status":"closed","ping_status":"closed","template":"","meta":{"_et_pb_use_builder":"on","_et_pb_old_content":"","_et_gb_content_width":"","footnotes":""},"class_list":["post-518","page","type-page","status-publish","hentry"],"_links":{"self":[{"href":"https:\/\/trigano-hpa.com\/pt\/wp-json\/wp\/v2\/pages\/518","targetHints":{"allow":["GET"]}}],"collection":[{"href":"https:\/\/trigano-hpa.com\/pt\/wp-json\/wp\/v2\/pages"}],"about":[{"href":"https:\/\/trigano-hpa.com\/pt\/wp-json\/wp\/v2\/types\/page"}],"author":[{"embeddable":true,"href":"https:\/\/trigano-hpa.com\/pt\/wp-json\/wp\/v2\/users\/1"}],"replies":[{"embeddable":true,"href":"https:\/\/trigano-hpa.com\/pt\/wp-json\/wp\/v2\/comments?post=518"}],"version-history":[{"count":0,"href":"https:\/\/trigano-hpa.com\/pt\/wp-json\/wp\/v2\/pages\/518\/revisions"}],"wp:attachment":[{"href":"https:\/\/trigano-hpa.com\/pt\/wp-json\/wp\/v2\/media?parent=518"}],"curies":[{"name":"wp","href":"https:\/\/api.w.org\/{rel}","templated":true}]}}