{"id":50,"date":"2016-10-10T10:03:30","date_gmt":"2016-10-10T09:03:30","guid":{"rendered":"https:\/\/trigano-hpa.com\/de\/fr\/?page_id=50"},"modified":"2025-10-23T08:52:32","modified_gmt":"2025-10-23T07:52:32","slug":"accueil","status":"publish","type":"page","link":"https:\/\/trigano-hpa.com\/pt\/","title":{"rendered":"Accueil"},"content":{"rendered":"<p>[et_pb_section fb_built=&#8221;1&#8243; fullwidth=&#8221;on&#8221; custom_padding_last_edited=&#8221;on|desktop&#8221; admin_label=&#8221;section&#8221; _builder_version=&#8221;4.16&#8243; background_video_mp4=&#8221;https:\/\/trigano-hpa.com\/wp-content\/uploads\/2016\/12\/filmthpa.mp4&#8243; height=&#8221;1000px&#8221; custom_padding_tablet=&#8221;50px|0|50px|0&#8243; custom_padding_phone=&#8221;&#8221; transparent_background=&#8221;off&#8221; padding_mobile=&#8221;off&#8221; global_colors_info=&#8221;{}&#8221;][\/et_pb_section][et_pb_section fb_built=&#8221;1&#8243; custom_padding_last_edited=&#8221;on|desktop&#8221; admin_label=&#8221;section&#8221; _builder_version=&#8221;4.27.2&#8243; background_color=&#8221;rgba(0,0,0,0)&#8221; custom_padding=&#8221;5em||0em|||&#8221; custom_padding_tablet=&#8221;50px|0|50px|0&#8243; custom_padding_phone=&#8221;&#8221; transparent_background=&#8221;off&#8221; padding_mobile=&#8221;off&#8221; locked=&#8221;off&#8221; global_colors_info=&#8221;{}&#8221;][et_pb_row column_structure=&#8221;1_4,1_4,1_4,1_4&#8243; use_custom_gutter=&#8221;on&#8221; padding_mobile=&#8221;off&#8221; make_equal=&#8221;on&#8221; column_padding_mobile=&#8221;on&#8221; admin_label=&#8221;row&#8221; _builder_version=&#8221;4.27.3&#8243; background_size=&#8221;initial&#8221; background_position=&#8221;top_left&#8221; background_repeat=&#8221;repeat&#8221; border_color_bottom=&#8221;#D31822&#8243; global_colors_info=&#8221;{}&#8221;][et_pb_column type=&#8221;1_4&#8243; _builder_version=&#8221;4.16&#8243; custom_padding=&#8221;|||&#8221; global_colors_info=&#8221;{}&#8221; custom_padding__hover=&#8221;|||&#8221;][et_pb_blurb title=&#8221;Mais de 90 anos<br \/>\nde experi\u00eancia &#8221; image=&#8221;https:\/\/trigano-hpa.com\/wp-content\/uploads\/2024\/11\/ampoule.png&#8221; _builder_version=&#8221;4.27.2&#8243; header_font_size=&#8221;22px&#8221; background_size=&#8221;initial&#8221; background_position=&#8221;top_left&#8221; background_repeat=&#8221;repeat&#8221; text_orientation=&#8221;center&#8221; custom_css_blurb_image=&#8221;width:70%; height:auto; margin:auto; margin-bottom:1em&#8221; use_border_color=&#8221;off&#8221; border_color=&#8221;#ffffff&#8221; border_style=&#8221;solid&#8221; global_colors_info=&#8221;{}&#8221;]<\/p>\n<p>e de evolu\u00e7\u00e3o no conceito de lazer e da HPA*. Um fabrico franc\u00eas nas nossas f\u00e1bricas de Sarthe, de Dr\u00f4me e de Loiret.<\/p>\n<p>[\/et_pb_blurb][\/et_pb_column][et_pb_column type=&#8221;1_4&#8243; _builder_version=&#8221;4.16&#8243; custom_padding=&#8221;|||&#8221; global_colors_info=&#8221;{}&#8221; custom_padding__hover=&#8221;|||&#8221;][et_pb_blurb title=&#8221;Com adapta\u00e7\u00f5es<br \/>\nt\u00e9cnicas&#8221; image=&#8221;https:\/\/trigano-hpa.com\/wp-content\/uploads\/2024\/11\/adaptation1.png&#8221; _builder_version=&#8221;4.27.2&#8243; header_font_size=&#8221;22px&#8221; background_size=&#8221;initial&#8221; background_position=&#8221;top_left&#8221; background_repeat=&#8221;repeat&#8221; text_orientation=&#8221;center&#8221; custom_css_blurb_image=&#8221;width:70%; height:auto; margin:auto; margin-bottom:1em&#8221; use_border_color=&#8221;off&#8221; border_color=&#8221;#ffffff&#8221; border_style=&#8221;solid&#8221; global_colors_info=&#8221;{}&#8221;]<\/p>\n<p>no tratamento das telas<br \/>e na facilidade de manuseamento<br \/>(montagem \/ desmontagem).<\/p>\n<p>[\/et_pb_blurb][\/et_pb_column][et_pb_column type=&#8221;1_4&#8243; _builder_version=&#8221;4.16&#8243; custom_padding=&#8221;|||&#8221; global_colors_info=&#8221;{}&#8221; custom_padding__hover=&#8221;|||&#8221;][et_pb_blurb title=&#8221;Testes<br \/>\n em tamanho real&#8221; image=&#8221;https:\/\/trigano-hpa.com\/wp-content\/uploads\/2024\/11\/tester1.png&#8221; _builder_version=&#8221;4.27.3&#8243; header_font_size=&#8221;22px&#8221; background_size=&#8221;initial&#8221; background_position=&#8221;top_left&#8221; background_repeat=&#8221;repeat&#8221; text_orientation=&#8221;center&#8221; custom_css_blurb_image=&#8221;width:70%; height:auto; margin:auto; margin-bottom:1em&#8221; use_border_color=&#8221;off&#8221; border_color=&#8221;#ffffff&#8221; border_style=&#8221;solid&#8221; global_colors_info=&#8221;{}&#8221;]<\/p>\n<p>Os nossos modelos s\u00e3o montados e testados durante muitos anos na parte exterior dos nossos locais de produ\u00e7\u00e3o.<\/p>\n<p>[\/et_pb_blurb][\/et_pb_column][et_pb_column type=&#8221;1_4&#8243; _builder_version=&#8221;4.16&#8243; custom_padding=&#8221;|||&#8221; global_colors_info=&#8221;{}&#8221; custom_padding__hover=&#8221;|||&#8221;][et_pb_blurb title=&#8221;Uma abordagem<br \/>\nqualidade&#8221; image=&#8221;https:\/\/trigano-hpa.com\/wp-content\/uploads\/2024\/11\/qualite1.png&#8221; _builder_version=&#8221;4.27.3&#8243; header_font_size=&#8221;22px&#8221; background_size=&#8221;initial&#8221; background_position=&#8221;top_left&#8221; background_repeat=&#8221;repeat&#8221; text_orientation=&#8221;center&#8221; custom_css_blurb_image=&#8221;width:70%; height:auto; margin:auto; margin-bottom:1em&#8221; use_border_color=&#8221;off&#8221; border_color=&#8221;#ffffff&#8221; border_style=&#8221;solid&#8221; global_colors_info=&#8221;{}&#8221;]<\/p>\n<p>constante em todos os nossos ciclos de fabrico para lhe garantir um investimento sustent\u00e1vel.<\/p>\n<p>[\/et_pb_blurb][\/et_pb_column][\/et_pb_row][\/et_pb_section][et_pb_section fb_built=&#8221;1&#8243; fullwidth=&#8221;on&#8221; custom_padding_last_edited=&#8221;on|desktop&#8221; _builder_version=&#8221;4.16&#8243; background_image=&#8221;https:\/\/trigano-hpa.com\/pt\/wp-content\/uploads\/2016\/10\/wood.png&#8221; custom_padding_tablet=&#8221;50px|0|50px|0&#8243; custom_padding_phone=&#8221;&#8221; transparent_background=&#8221;off&#8221; padding_mobile=&#8221;off&#8221; global_colors_info=&#8221;{}&#8221;][et_pb_fullwidth_portfolio include_categories=&#8221;54&#8243; show_date=&#8221;off&#8221; hover_icon=&#8221;&#x3e;||divi||400&#8243; _builder_version=&#8221;4.27.4&#8243; title_line_height=&#8221;2.2em&#8221; background_size=&#8221;initial&#8221; background_position=&#8221;top_left&#8221; background_repeat=&#8221;repeat&#8221; background_layout=&#8221;dark&#8221; use_border_color=&#8221;off&#8221; border_color=&#8221;#ffffff&#8221; border_width=&#8221;1px&#8221; border_style=&#8221;solid&#8221; global_colors_info=&#8221;{}&#8221;]&nbsp;<br \/>\n[\/et_pb_fullwidth_portfolio][\/et_pb_section][et_pb_section fb_built=&#8221;1&#8243; custom_padding_last_edited=&#8221;on|desktop&#8221; _builder_version=&#8221;4.16&#8243; background_image=&#8221;https:\/\/trigano-hpa.com\/pt\/wp-content\/uploads\/2016\/10\/ILLUSTRATION_8.jpg&#8221; parallax=&#8221;on&#8221; parallax_method=&#8221;off&#8221; custom_padding=&#8221;10em||10em|&#8221; custom_padding_tablet=&#8221;50px|0|50px|0&#8243; custom_padding_phone=&#8221;&#8221; transparent_background=&#8221;off&#8221; padding_mobile=&#8221;off&#8221; global_colors_info=&#8221;{}&#8221;][et_pb_row padding_mobile=&#8221;off&#8221; column_padding_mobile=&#8221;on&#8221; _builder_version=&#8221;4.16&#8243; background_color=&#8221;#ffffff&#8221; background_size=&#8221;initial&#8221; background_position=&#8221;top_left&#8221; background_repeat=&#8221;repeat&#8221; custom_padding=&#8221;0px|3em|0em|3em&#8221; global_colors_info=&#8221;{}&#8221;][et_pb_column type=&#8221;4_4&#8243; _builder_version=&#8221;4.16&#8243; custom_padding=&#8221;|||&#8221; global_colors_info=&#8221;{}&#8221; custom_padding__hover=&#8221;|||&#8221;][et_pb_text disabled_on=&#8221;off|on|off&#8221; _builder_version=&#8221;4.18.0&#8243; text_font_size=&#8221;22px&#8221; text_line_height=&#8221;1.3em&#8221; header_font=&#8221;|||on|&#8221; header_text_color=&#8221;#ffffff&#8221; header_font_size=&#8221;38px&#8221; header_line_height=&#8221;2.4em&#8221; background_size=&#8221;initial&#8221; background_position=&#8221;top_left&#8221; background_repeat=&#8221;repeat&#8221; text_orientation=&#8221;center&#8221; module_alignment=&#8221;center&#8221; custom_css_main_element=&#8221;border-bottom:solid 1px #cccccc; padding-bottom:2em;&#8221; use_border_color=&#8221;off&#8221; border_style=&#8221;solid&#8221; global_colors_info=&#8221;{}&#8221;]<\/p>\n<h1><span style=\"font-size: small; background: black; padding: 0.3em 1em;\">O pacote ecol\u00f3gico<\/span><\/h1>\n<p><em> \u201cO pr\u00f3prio conceito de habitat com cobertura de tela \u00e9 ecol\u00f3gico e est\u00e1 em harmonia com a natureza..\u201d<\/em><\/p>\n<p>[\/et_pb_text][\/et_pb_column][\/et_pb_row][et_pb_row column_structure=&#8221;1_2,1_2&#8243; padding_mobile=&#8221;off&#8221; column_padding_mobile=&#8221;on&#8221; _builder_version=&#8221;4.16&#8243; background_color=&#8221;#ffffff&#8221; background_size=&#8221;initial&#8221; background_position=&#8221;top_left&#8221; background_repeat=&#8221;repeat&#8221; custom_padding=&#8221;3em|3em|5em|3em&#8221; global_colors_info=&#8221;{}&#8221;][et_pb_column type=&#8221;1_2&#8243; _builder_version=&#8221;4.16&#8243; custom_padding=&#8221;|||&#8221; global_colors_info=&#8221;{}&#8221; custom_padding__hover=&#8221;|||&#8221;][et_pb_text _builder_version=&#8221;4.18.0&#8243; text_font_size=&#8221;26px&#8221; text_line_height=&#8221;2em&#8221; background_size=&#8221;initial&#8221; background_position=&#8221;top_left&#8221; background_repeat=&#8221;repeat&#8221; text_orientation=&#8221;right&#8221; use_border_color=&#8221;off&#8221; border_style=&#8221;solid&#8221; global_colors_info=&#8221;{}&#8221;]<\/p>\n<h5 style=\"text-align: left;\">A madeira \u00e9 um material natural por excel\u00eancia.<br \/>A sua utiliza\u00e7\u00e3o nas varandas dos bungalows com tela Trigano e a sua origem de florestas geridas de forma sustent\u00e1vel garantem a integra\u00e7\u00e3o no ambiente.<br \/>A Trigano garante que os materiais s\u00e3o recuperados para reprocessamento (95 % recicl\u00e1veis) no seu processo de fabrico.<\/h5>\n<p>[\/et_pb_text][\/et_pb_column][et_pb_column type=&#8221;1_2&#8243; _builder_version=&#8221;4.16&#8243; custom_padding=&#8221;|||&#8221; global_colors_info=&#8221;{}&#8221; custom_padding__hover=&#8221;|||&#8221;][et_pb_text _builder_version=&#8221;4.18.0&#8243; background_size=&#8221;initial&#8221; background_position=&#8221;top_left&#8221; background_repeat=&#8221;repeat&#8221; use_border_color=&#8221;off&#8221; border_style=&#8221;solid&#8221; global_colors_info=&#8221;{}&#8221;]<\/p>\n<p><span style=\"font-size: large;\"><strong>A Trigano preocupa-se em limitar o impacto no ambiente: utiliza\u00e7\u00e3o de colas \u00e0<br \/>base de \u00e1gua sem COV (Compostos Org\u00e2nicos Vol\u00e1teis).<br \/><\/strong><\/span><\/p>\n<p>A Trigano incentiva os seus fornecedores a criar sistemas de triagem e recupera\u00e7\u00e3o de res\u00edduos.<\/p>\n<p>[\/et_pb_text][\/et_pb_column][\/et_pb_row][\/et_pb_section][et_pb_section fb_built=&#8221;1&#8243; custom_padding_last_edited=&#8221;on|desktop&#8221; _builder_version=&#8221;4.16&#8243; custom_padding_tablet=&#8221;50px|0|50px|0&#8243; custom_padding_phone=&#8221;&#8221; transparent_background=&#8221;off&#8221; padding_mobile=&#8221;off&#8221; global_colors_info=&#8221;{}&#8221;][et_pb_row _builder_version=&#8221;4.16&#8243; background_size=&#8221;initial&#8221; background_position=&#8221;top_left&#8221; background_repeat=&#8221;repeat&#8221; global_colors_info=&#8221;{}&#8221;][et_pb_column type=&#8221;4_4&#8243; _builder_version=&#8221;4.16&#8243; custom_padding=&#8221;|||&#8221; global_colors_info=&#8221;{}&#8221; custom_padding__hover=&#8221;|||&#8221;][et_pb_video src=&#8221;https:\/\/www.youtube.com\/watch?v=3LI8aGkniJs&#8221; src_webm=&#8221;https:\/\/www.youtube.com\/watch?v=3LI8aGkniJs&#8221; image_src=&#8221;\/\/i.ytimg.com\/vi\/3LI8aGkniJs\/hqdefault.jpg&#8221; _builder_version=&#8221;4.16&#8243; global_colors_info=&#8221;{}&#8221;]&nbsp;<br \/>\n[\/et_pb_video][\/et_pb_column][\/et_pb_row][et_pb_row column_structure=&#8221;1_3,1_3,1_3&#8243; use_custom_gutter=&#8221;on&#8221; gutter_width=&#8221;2&#8243; padding_mobile=&#8221;off&#8221; make_equal=&#8221;on&#8221; column_padding_mobile=&#8221;on&#8221; disabled_on=&#8221;off|off|off&#8221; _builder_version=&#8221;4.27.3&#8243; background_size=&#8221;initial&#8221; background_position=&#8221;top_left&#8221; background_repeat=&#8221;repeat&#8221; custom_margin=&#8221;|||&#8221; locked=&#8221;off&#8221; global_colors_info=&#8221;{}&#8221;][et_pb_column type=&#8221;1_3&#8243; _builder_version=&#8221;4.16&#8243; background_image=&#8221;https:\/\/trigano-hpa.com\/wp-content\/uploads\/2016\/10\/ILLUSTRATION_6.jpg&#8221; custom_padding=&#8221;|||&#8221; custom_css_main_element=&#8221;position:relative;&#8221; global_colors_info=&#8221;{}&#8221; custom_padding__hover=&#8221;|||&#8221;][\/et_pb_column][et_pb_column type=&#8221;1_3&#8243; _builder_version=&#8221;4.27.2&#8243; background_enable_color=&#8221;off&#8221; custom_padding=&#8221;|||&#8221; global_colors_info=&#8221;{}&#8221; custom_padding__hover=&#8221;|||&#8221;][et_pb_text _builder_version=&#8221;4.27.4&#8243; background_size=&#8221;initial&#8221; background_position=&#8221;top_left&#8221; background_repeat=&#8221;repeat&#8221; link_option_url=&#8221;https:\/\/trigano-hpa.com\/nous-contacter\/&#8221; use_border_color=&#8221;off&#8221; border_color=&#8221;#ffffff&#8221; border_style=&#8221;solid&#8221; global_colors_info=&#8221;{}&#8221;]<\/p>\n<h3 style=\"text-align: center;\"><a href=\"https:\/\/trigano-hpa.com\/qui-sommes-nous\/#equipe\"><img loading=\"lazy\" decoding=\"async\" src=\"https:\/\/trigano-hpa.com\/pt\/wp-content\/uploads\/2024\/12\/carte-portugal-montagne-641x1024.jpeg\" width=\"641\" height=\"1024\" alt=\"\" class=\"wp-image-5393 size-large\" srcset=\"https:\/\/trigano-hpa.com\/pt\/wp-content\/uploads\/2024\/12\/carte-portugal-montagne-641x1024.jpeg 641w, https:\/\/trigano-hpa.com\/pt\/wp-content\/uploads\/2024\/12\/carte-portugal-montagne-480x766.jpeg 480w\" sizes=\"(min-width: 0px) and (max-width: 480px) 480px, (min-width: 481px) 641px, 100vw\" \/>\u00a0<\/a><\/h3>\n<h3 style=\"text-align: center;\"><em style=\"font-size: 16px;\">TRIGANO PERTO DE VOC\u00ca<br \/>Nossa equipe de vendas est\u00e1 \u00e0 sua disposi\u00e7\u00e3o para orient\u00e1-lo na sua escolha.<\/em><\/h3>\n<p>&nbsp;<\/p>\n<p>[\/et_pb_text][\/et_pb_column][et_pb_column type=&#8221;1_3&#8243; _builder_version=&#8221;4.27.3&#8243; background_image=&#8221;https:\/\/trigano-hpa.com\/wp-content\/uploads\/2024\/11\/mobilier-table.jpg&#8221; custom_padding=&#8221;|||&#8221; custom_css_main_element=&#8221;position:relative;&#8221; global_colors_info=&#8221;{}&#8221; custom_padding__hover=&#8221;|||&#8221;][\/et_pb_column][\/et_pb_row][\/et_pb_section][et_pb_section fb_built=&#8221;1&#8243; admin_label=&#8221;contactez nous&#8221; _builder_version=&#8221;4.27.3&#8243; custom_margin=&#8221;|||&#8221; custom_padding=&#8221;3px||110px|||&#8221; locked=&#8221;off&#8221; global_colors_info=&#8221;{}&#8221;][et_pb_row admin_label=&#8221;Testimonial Title&#8221; _builder_version=&#8221;4.16&#8243; custom_margin=&#8221;|||&#8221; animation_style=&#8221;fade&#8221; global_colors_info=&#8221;{}&#8221;][et_pb_column type=&#8221;4_4&#8243; _builder_version=&#8221;4.16&#8243; custom_padding=&#8221;|||&#8221; global_colors_info=&#8221;{}&#8221; custom_padding__hover=&#8221;|||&#8221;][et_pb_text _builder_version=&#8221;4.19.1&#8243; text_font=&#8221;Montserrat|on||on|&#8221; text_text_color=&#8221;#353740&#8243; text_font_size=&#8221;42px&#8221; text_line_height=&#8221;1.2em&#8221; text_orientation=&#8221;center&#8221; max_width=&#8221;700px&#8221; module_alignment=&#8221;center&#8221; global_colors_info=&#8221;{}&#8221;]<\/p>\n<p>Contate-nos<\/p>\n<p>[\/et_pb_text][et_pb_text admin_label=&#8221;Subtitle&#8221; _builder_version=&#8221;4.19.1&#8243; text_font=&#8221;Montserrat||||&#8221; text_text_color=&#8221;#747d88&#8243; text_font_size=&#8221;16px&#8221; text_orientation=&#8221;center&#8221; max_width=&#8221;800%&#8221; module_alignment=&#8221;center&#8221; custom_margin=&#8221;|55px||109px||&#8221; global_colors_info=&#8221;{}&#8221;]<\/p>\n<p>A nossa equipa comercial est\u00e1 \u00e0 sua disposi\u00e7\u00e3o para o(a) orientar nas suas escolhas e responder \u00e0s suas necessidades.<br \/>Para quaisquer solicita\u00e7\u00f5es espec\u00edficas, consulte-nos.<\/p>\n<p>[\/et_pb_text][\/et_pb_column][\/et_pb_row][et_pb_row column_structure=&#8221;1_2,1_2&#8243; admin_label=&#8221;Testimonial&#8221; _builder_version=&#8221;4.16&#8243; custom_margin=&#8221;-11px|auto||auto||&#8221; custom_padding=&#8221;|||&#8221; global_colors_info=&#8221;{}&#8221;][et_pb_column type=&#8221;1_2&#8243; _builder_version=&#8221;4.16&#8243; custom_padding=&#8221;|||&#8221; global_colors_info=&#8221;{}&#8221; custom_padding__hover=&#8221;|||&#8221;][et_pb_testimonial quote_icon=&#8221;off&#8221; _builder_version=&#8221;4.27.4&#8243; body_font=&#8221;Montserrat||||&#8221; body_text_color=&#8221;#747d88&#8243; body_font_size=&#8221;16px&#8221; use_background_color=&#8221;off&#8221; custom_margin=&#8221;|80px||80px|false|false&#8221; animation_style=&#8221;slide&#8221; animation_direction=&#8221;left&#8221; animation_intensity_slide=&#8221;20%&#8221; hover_enabled=&#8221;0&#8243; global_colors_info=&#8221;{}&#8221; sticky_enabled=&#8221;0&#8243;]<\/p>\n<p><strong>Jo\u00e3o Varela<\/strong><br \/>Respons\u00e1vel regional<br \/>T. +351 910 542 605<br \/><strong><a href=\"mailto:joao.varela@odum.pt\">joao.varela@odum.pt<\/a><\/strong>.<\/p>\n<p>[\/et_pb_testimonial][\/et_pb_column][et_pb_column type=&#8221;1_2&#8243; _builder_version=&#8221;4.16&#8243; custom_padding=&#8221;|||&#8221; global_colors_info=&#8221;{}&#8221; custom_padding__hover=&#8221;|||&#8221;][et_pb_testimonial quote_icon=&#8221;off&#8221; _builder_version=&#8221;4.19.1&#8243; body_font=&#8221;Montserrat||||&#8221; body_text_color=&#8221;#747d88&#8243; body_font_size=&#8221;16px&#8221; use_background_color=&#8221;off&#8221; custom_margin=&#8221;|80px||80px|false|false&#8221; animation_style=&#8221;slide&#8221; animation_direction=&#8221;left&#8221; animation_intensity_slide=&#8221;20%&#8221; global_colors_info=&#8221;{}&#8221;]<\/p>\n<p><strong>Miguel Bravo Amaral<\/strong><br \/>Respons\u00e1vel regional<br \/>T. +351 919 648 695<br \/><strong><a href=\"mailto:miguel.amaral@odum.pt\">miguel.amaral@odum.pt<\/a><\/strong><\/p>\n<p>[\/et_pb_testimonial][\/et_pb_column][\/et_pb_row][\/et_pb_section]<\/p>\n","protected":false},"excerpt":{"rendered":"<p>e de evolu\u00e7\u00e3o no conceito de lazer e da HPA*. Um fabrico franc\u00eas nas nossas f\u00e1bricas de Sarthe, de Dr\u00f4me e de Loiret.no tratamento das telase na facilidade de manuseamento(montagem \/ desmontagem).Os nossos modelos s\u00e3o montados e testados durante muitos anos na parte exterior dos nossos locais de produ\u00e7\u00e3o.constante em todos os nossos ciclos de [&hellip;]<\/p>\n","protected":false},"author":1,"featured_media":0,"parent":0,"menu_order":0,"comment_status":"closed","ping_status":"closed","template":"","meta":{"_et_pb_use_builder":"on","_et_pb_old_content":"","_et_gb_content_width":"","footnotes":""},"class_list":["post-50","page","type-page","status-publish","hentry"],"_links":{"self":[{"href":"https:\/\/trigano-hpa.com\/pt\/wp-json\/wp\/v2\/pages\/50","targetHints":{"allow":["GET"]}}],"collection":[{"href":"https:\/\/trigano-hpa.com\/pt\/wp-json\/wp\/v2\/pages"}],"about":[{"href":"https:\/\/trigano-hpa.com\/pt\/wp-json\/wp\/v2\/types\/page"}],"author":[{"embeddable":true,"href":"https:\/\/trigano-hpa.com\/pt\/wp-json\/wp\/v2\/users\/1"}],"replies":[{"embeddable":true,"href":"https:\/\/trigano-hpa.com\/pt\/wp-json\/wp\/v2\/comments?post=50"}],"version-history":[{"count":13,"href":"https:\/\/trigano-hpa.com\/pt\/wp-json\/wp\/v2\/pages\/50\/revisions"}],"predecessor-version":[{"id":5562,"href":"https:\/\/trigano-hpa.com\/pt\/wp-json\/wp\/v2\/pages\/50\/revisions\/5562"}],"wp:attachment":[{"href":"https:\/\/trigano-hpa.com\/pt\/wp-json\/wp\/v2\/media?parent=50"}],"curies":[{"name":"wp","href":"https:\/\/api.w.org\/{rel}","templated":true}]}}