{"id":50,"date":"2016-10-10T10:03:30","date_gmt":"2016-10-10T09:03:30","guid":{"rendered":"https:\/\/trigano-hpa.com\/es\/fr\/?page_id=50"},"modified":"2025-10-19T23:12:41","modified_gmt":"2025-10-19T22:12:41","slug":"accueil","status":"publish","type":"page","link":"https:\/\/trigano-hpa.com\/es\/","title":{"rendered":"Bienvenida"},"content":{"rendered":"<p>[et_pb_section fb_built=\u00bb1&#8243; fullwidth=\u00bbon\u00bb custom_padding_last_edited=\u00bbon|desktop\u00bb admin_label=\u00bbsection\u00bb _builder_version=\u00bb4.16&#8243; background_color=\u00bb#2e2e2e\u00bb background_video_mp4=\u00bbhttps:\/\/trigano-hpa.com\/wp-content\/uploads\/2016\/12\/filmthpa.mp4&#8243; min_height=\u00bb1000px\u00bb height=\u00bb1000px\u00bb custom_padding_tablet=\u00bb50px|0|50px|0&#8243; custom_padding_phone=\u00bb\u00bb transparent_background=\u00bboff\u00bb padding_mobile=\u00bboff\u00bb make_fullwidth=\u00bboff\u00bb use_custom_width=\u00bboff\u00bb width_unit=\u00bboff\u00bb custom_width_px=\u00bb1080px\u00bb custom_width_percent=\u00bb80%\u00bb global_colors_info=\u00bb{}\u00bb][\/et_pb_section][et_pb_section fb_built=\u00bb1&#8243; custom_padding_last_edited=\u00bbon|desktop\u00bb admin_label=\u00bbsection\u00bb _builder_version=\u00bb4.27.3&#8243; background_color=\u00bbrgba(0,0,0,0)\u00bb background_image=\u00bbhttps:\/\/trigano-hpa.com\/wp-content\/uploads\/2024\/10\/circle-background-pattern.png\u00bb custom_padding=\u00bb5em||0em|||\u00bb custom_padding_tablet=\u00bb50px|0|50px|0&#8243; custom_padding_phone=\u00bb\u00bb transparent_background=\u00bboff\u00bb padding_mobile=\u00bboff\u00bb locked=\u00bboff\u00bb global_colors_info=\u00bb{}\u00bb][et_pb_row column_structure=\u00bb1_4,1_4,1_4,1_4&#8243; padding_mobile=\u00bboff\u00bb column_padding_mobile=\u00bbon\u00bb admin_label=\u00bbrow\u00bb _builder_version=\u00bb4.16&#8243; background_size=\u00bbinitial\u00bb background_position=\u00bbtop_left\u00bb background_repeat=\u00bbrepeat\u00bb global_colors_info=\u00bb{}\u00bb][et_pb_column type=\u00bb1_4&#8243; _builder_version=\u00bb4.16&#8243; custom_padding=\u00bb|||\u00bb global_colors_info=\u00bb{}\u00bb custom_padding__hover=\u00bb|||\u00bb][et_pb_blurb title=\u00bb90 a\u00f1os<br \/>\nde experiencia \u00bb image=\u00bbhttps:\/\/trigano-hpa.com\/wp-content\/uploads\/2024\/11\/ampoule.png\u00bb _builder_version=\u00bb4.27.2&#8243; background_size=\u00bbinitial\u00bb background_position=\u00bbtop_left\u00bb background_repeat=\u00bbrepeat\u00bb text_orientation=\u00bbcenter\u00bb custom_css_blurb_image=\u00bbwidth:70%; height:auto; margin:auto; margin-bottom:1em\u00bb use_border_color=\u00bboff\u00bb border_color=\u00bb#ffffff\u00bb border_style=\u00bbsolid\u00bb global_colors_info=\u00bb{}\u00bb]<\/p>\n<p>y de evoluci\u00f3n en el concepto del ocio y los alojamientos al aire libre (HPA*). Fabricaci\u00f3n francesa en nuestras f\u00e1bricas de Sarthe, Dr\u00f4me y Loiret.<\/p>\n<p>[\/et_pb_blurb][\/et_pb_column][et_pb_column type=\u00bb1_4&#8243; _builder_version=\u00bb4.16&#8243; custom_padding=\u00bb|||\u00bb global_colors_info=\u00bb{}\u00bb custom_padding__hover=\u00bb|||\u00bb][et_pb_blurb title=\u00bbAdaptaciones<br \/>\nt\u00e9cnicas\u00bb image=\u00bbhttps:\/\/trigano-hpa.com\/wp-content\/uploads\/2024\/11\/adaptation1.png\u00bb _builder_version=\u00bb4.27.2&#8243; background_size=\u00bbinitial\u00bb background_position=\u00bbtop_left\u00bb background_repeat=\u00bbrepeat\u00bb text_orientation=\u00bbcenter\u00bb custom_css_blurb_image=\u00bbwidth:70%; height:auto; margin:auto; margin-bottom:1em\u00bb use_border_color=\u00bboff\u00bb border_color=\u00bb#ffffff\u00bb border_style=\u00bbsolid\u00bb global_colors_info=\u00bb{}\u00bb]<\/p>\n<p>en el tratamiento de las lonas <br \/>y la facilidad de manipulaci\u00f3n <br \/>(montaje\/desmontaje).<\/p>\n<p>[\/et_pb_blurb][\/et_pb_column][et_pb_column type=\u00bb1_4&#8243; _builder_version=\u00bb4.16&#8243; custom_padding=\u00bb|||\u00bb global_colors_info=\u00bb{}\u00bb custom_padding__hover=\u00bb|||\u00bb][et_pb_blurb title=\u00bbPruebas<br \/>\na escala real\u00bb image=\u00bbhttps:\/\/trigano-hpa.com\/wp-content\/uploads\/2024\/11\/tester1.png\u00bb _builder_version=\u00bb4.27.2&#8243; background_size=\u00bbinitial\u00bb background_position=\u00bbtop_left\u00bb background_repeat=\u00bbrepeat\u00bb text_orientation=\u00bbcenter\u00bb custom_margin=\u00bb||||false|false\u00bb custom_padding=\u00bb||||false|false\u00bb custom_css_blurb_image=\u00bbwidth:70%; height:auto; margin:auto; margin-bottom:1em\u00bb use_border_color=\u00bboff\u00bb border_color=\u00bb#ffffff\u00bb border_style=\u00bbsolid\u00bb global_colors_info=\u00bb{}\u00bb]<\/p>\n<p>Nuestros modelos se montan y prueban durante varios a\u00f1os al aire libre en nuestros centros de producci\u00f3n.<\/p>\n<p>[\/et_pb_blurb][\/et_pb_column][et_pb_column type=\u00bb1_4&#8243; _builder_version=\u00bb4.16&#8243; custom_padding=\u00bb|||\u00bb global_colors_info=\u00bb{}\u00bb custom_padding__hover=\u00bb|||\u00bb][et_pb_blurb title=\u00bbUn enfoque de calidad\u00bb image=\u00bbhttps:\/\/trigano-hpa.com\/wp-content\/uploads\/2024\/11\/qualite1.png\u00bb _builder_version=\u00bb4.27.2&#8243; background_size=\u00bbinitial\u00bb background_position=\u00bbtop_left\u00bb background_repeat=\u00bbrepeat\u00bb text_orientation=\u00bbcenter\u00bb custom_css_blurb_image=\u00bbwidth:70%; height:auto; margin:auto; margin-bottom:1em\u00bb use_border_color=\u00bboff\u00bb border_color=\u00bb#ffffff\u00bb border_style=\u00bbsolid\u00bb global_colors_info=\u00bb{}\u00bb]<\/p>\n<p>constante en todos nuestros ciclos de fabricaci\u00f3n para garantizarle una inversi\u00f3n duradera.<\/p>\n<p>[\/et_pb_blurb][\/et_pb_column][\/et_pb_row][\/et_pb_section][et_pb_section fb_built=\u00bb1&#8243; fullwidth=\u00bbon\u00bb custom_padding_last_edited=\u00bbon|desktop\u00bb admin_label=\u00bbSection\u00bb _builder_version=\u00bb4.16&#8243; background_image=\u00bbhttps:\/\/trigano-hpa.com\/es\/wp-content\/uploads\/2016\/10\/wood.png\u00bb custom_padding_tablet=\u00bb50px|0|50px|0&#8243; custom_padding_phone=\u00bb\u00bb transparent_background=\u00bboff\u00bb padding_mobile=\u00bboff\u00bb make_fullwidth=\u00bboff\u00bb use_custom_width=\u00bboff\u00bb width_unit=\u00bbon\u00bb custom_width_px=\u00bb1080px\u00bb custom_width_percent=\u00bb80%\u00bb global_colors_info=\u00bb{}\u00bb][et_pb_fullwidth_portfolio include_categories=\u00bb58&#8243; show_date=\u00bboff\u00bb hover_icon=\u00bb&#x3e;||divi||400&#8243; admin_label=\u00bbPortefeuille plein \u00e9cran\u00bb _builder_version=\u00bb4.27.4&#8243; title_line_height=\u00bb2.2em\u00bb background_size=\u00bbinitial\u00bb background_position=\u00bbtop_left\u00bb background_repeat=\u00bbrepeat\u00bb background_layout=\u00bbdark\u00bb use_border_color=\u00bboff\u00bb border_color=\u00bb#ffffff\u00bb border_width=\u00bb1px\u00bb border_style=\u00bbsolid\u00bb global_colors_info=\u00bb{}\u00bb][\/et_pb_fullwidth_portfolio][\/et_pb_section][et_pb_section fb_built=\u00bb1&#8243; custom_padding_last_edited=\u00bbon|desktop\u00bb admin_label=\u00bbSection\u00bb _builder_version=\u00bb4.16&#8243; background_image=\u00bbhttps:\/\/trigano-hpa.com\/wp-content\/uploads\/2016\/10\/ILLUSTRATION_8.jpg\u00bb parallax=\u00bbon\u00bb parallax_method=\u00bboff\u00bb custom_padding=\u00bb10em||10em|\u00bb custom_padding_tablet=\u00bb50px|0|50px|0&#8243; custom_padding_phone=\u00bb\u00bb transparent_background=\u00bboff\u00bb padding_mobile=\u00bboff\u00bb make_fullwidth=\u00bboff\u00bb use_custom_width=\u00bboff\u00bb width_unit=\u00bbon\u00bb custom_width_px=\u00bb1080px\u00bb custom_width_percent=\u00bb80%\u00bb global_colors_info=\u00bb{}\u00bb][et_pb_row padding_mobile=\u00bboff\u00bb column_padding_mobile=\u00bbon\u00bb admin_label=\u00bbLigne\u00bb _builder_version=\u00bb4.16&#8243; background_color=\u00bb#ffffff\u00bb background_size=\u00bbinitial\u00bb background_position=\u00bbtop_left\u00bb background_repeat=\u00bbrepeat\u00bb custom_padding=\u00bb0px|3em|0em|3em\u00bb make_fullwidth=\u00bboff\u00bb use_custom_width=\u00bboff\u00bb width_unit=\u00bboff\u00bb custom_width_px=\u00bb1080px\u00bb custom_width_percent=\u00bb80%\u00bb global_colors_info=\u00bb{}\u00bb][et_pb_column type=\u00bb4_4&#8243; _builder_version=\u00bb4.16&#8243; custom_padding=\u00bb|||\u00bb global_colors_info=\u00bb{}\u00bb custom_padding__hover=\u00bb|||\u00bb][et_pb_text disabled_on=\u00bboff|on|off\u00bb _builder_version=\u00bb4.16&#8243; text_font_size=\u00bb22px\u00bb text_line_height=\u00bb1.3em\u00bb header_font=\u00bb|||on|\u00bb header_text_color=\u00bb#ffffff\u00bb header_font_size=\u00bb38px\u00bb header_line_height=\u00bb2.4em\u00bb background_size=\u00bbinitial\u00bb background_position=\u00bbtop_left\u00bb background_repeat=\u00bbrepeat\u00bb text_orientation=\u00bbcenter\u00bb module_alignment=\u00bbcenter\u00bb custom_css_main_element=\u00bbborder-bottom:solid 1px #cccccc; padding-bottom:2em;\u00bb use_border_color=\u00bboff\u00bb border_style=\u00bbsolid\u00bb locked=\u00bboff\u00bb global_colors_info=\u00bb{}\u00bb]<\/p>\n<h1><span style=\"font-size: small; background: black; padding: 0.3em 1em;\">El pack ecol\u00f3gico<\/span><\/h1>\n<p><em> \u201cLa conservaci\u00f3n de la naturaleza y el respeto del medio ambiente<br \/>son los valores fundamentales del Grupo Trigano..\u201d<\/em><\/p>\n<p>[\/et_pb_text][\/et_pb_column][\/et_pb_row][et_pb_row column_structure=\u00bb1_2,1_2&#8243; padding_mobile=\u00bboff\u00bb column_padding_mobile=\u00bbon\u00bb admin_label=\u00bbLigne\u00bb _builder_version=\u00bb4.16&#8243; background_color=\u00bb#ffffff\u00bb background_size=\u00bbinitial\u00bb background_position=\u00bbtop_left\u00bb background_repeat=\u00bbrepeat\u00bb custom_padding=\u00bb3em|3em|5em|3em\u00bb make_fullwidth=\u00bboff\u00bb use_custom_width=\u00bboff\u00bb width_unit=\u00bboff\u00bb custom_width_px=\u00bb1080px\u00bb custom_width_percent=\u00bb80%\u00bb global_colors_info=\u00bb{}\u00bb][et_pb_column type=\u00bb1_2&#8243; _builder_version=\u00bb4.16&#8243; custom_padding=\u00bb|||\u00bb global_colors_info=\u00bb{}\u00bb custom_padding__hover=\u00bb|||\u00bb][et_pb_text admin_label=\u00bbTexte\u00bb _builder_version=\u00bb4.23&#8243; text_font_size=\u00bb26px\u00bb background_size=\u00bbinitial\u00bb background_position=\u00bbtop_left\u00bb background_repeat=\u00bbrepeat\u00bb text_orientation=\u00bbright\u00bb use_border_color=\u00bboff\u00bb border_style=\u00bbsolid\u00bb global_colors_info=\u00bb{}\u00bb]<\/p>\n<h5>Preservar la naturaleza y respetar el medio ambiente son valores fundamentales del grupo TRIGANO. Nuestra cultura de empresa y nuestro oficio, centrado en actividades de ocio al aire libre desde hace m\u00e1s de 90 a\u00f1os, dependen de ello.<\/h5>\n<p>[\/et_pb_text][et_pb_image src=\u00bbhttps:\/\/trigano-hpa.com\/es\/wp-content\/uploads\/2023\/10\/FSC.png\u00bb title_text=\u00bbFSC\u00bb _builder_version=\u00bb4.23&#8243; _module_preset=\u00bbdefault\u00bb global_colors_info=\u00bb{}\u00bb][\/et_pb_image][\/et_pb_column][et_pb_column type=\u00bb1_2&#8243; _builder_version=\u00bb4.16&#8243; custom_padding=\u00bb|||\u00bb global_colors_info=\u00bb{}\u00bb custom_padding__hover=\u00bb|||\u00bb][et_pb_text admin_label=\u00bbTexte\u00bb _builder_version=\u00bb4.23&#8243; background_size=\u00bbinitial\u00bb background_position=\u00bbtop_left\u00bb background_repeat=\u00bbrepeat\u00bb use_border_color=\u00bboff\u00bb border_style=\u00bbsolid\u00bb global_colors_info=\u00bb{}\u00bb]<\/p>\n<p><span style=\"font-size: large;\"><strong>El concepto mismo del h\u00e1bitat de lona es ecol\u00f3gico y est\u00e1 en armon\u00eda con la naturaleza. <\/strong><\/span><\/p>\n<p>La madera es un material natural por excelencia. <br \/>Su uso en las terrazas de los bungalows de lona TRIGANO y su procedencia de bosques gestionados de forma sostenible garantizan su integraci\u00f3n en el entorno.<\/p>\n<p>TRIGANO garantiza la recuperaci\u00f3n de los materiales para su retratamiento (95 % reciclables) en sus procesos de fabricaci\u00f3n.<\/p>\n<p>TRIGANO se preocupa por limitar su impacto en el medio ambiente: utilizaci\u00f3n de colas de base acuosa sin COV (Compuestos Org\u00e1nicos Vol\u00e1tiles).<\/p>\n<p>TRIGANO anima a sus proveedores a implementar sistemas de clasificaci\u00f3n y recuperaci\u00f3n de los residuos.<\/p>\n<p>[\/et_pb_text][\/et_pb_column][\/et_pb_row][\/et_pb_section][et_pb_section fb_built=\u00bb1&#8243; custom_padding_last_edited=\u00bbon|desktop\u00bb admin_label=\u00bbSection\u00bb _builder_version=\u00bb4.16&#8243; custom_padding_tablet=\u00bb50px|0|50px|0&#8243; custom_padding_phone=\u00bb\u00bb transparent_background=\u00bboff\u00bb padding_mobile=\u00bboff\u00bb make_fullwidth=\u00bboff\u00bb use_custom_width=\u00bboff\u00bb width_unit=\u00bboff\u00bb custom_width_px=\u00bb1080px\u00bb custom_width_percent=\u00bb80%\u00bb global_colors_info=\u00bb{}\u00bb][et_pb_row padding_mobile=\u00bboff\u00bb column_padding_mobile=\u00bbon\u00bb admin_label=\u00bbLigne\u00bb _builder_version=\u00bb4.16&#8243; background_size=\u00bbinitial\u00bb background_position=\u00bbtop_left\u00bb background_repeat=\u00bbrepeat\u00bb make_fullwidth=\u00bboff\u00bb use_custom_width=\u00bboff\u00bb width_unit=\u00bboff\u00bb custom_width_px=\u00bb1080px\u00bb custom_width_percent=\u00bb80%\u00bb global_colors_info=\u00bb{}\u00bb][et_pb_column type=\u00bb4_4&#8243; _builder_version=\u00bb4.16&#8243; custom_padding=\u00bb|||\u00bb global_colors_info=\u00bb{}\u00bb custom_padding__hover=\u00bb|||\u00bb][et_pb_video src=\u00bbhttps:\/\/www.youtube.com\/watch?v=3LI8aGkniJs\u00bb src_webm=\u00bbhttps:\/\/www.youtube.com\/watch?v=3LI8aGkniJs\u00bb image_src=\u00bb\/\/i.ytimg.com\/vi\/3LI8aGkniJs\/hqdefault.jpg\u00bb admin_label=\u00bbVid\u00e9o\u00bb _builder_version=\u00bb4.16&#8243; global_colors_info=\u00bb{}\u00bb][\/et_pb_video][\/et_pb_column][\/et_pb_row][et_pb_row column_structure=\u00bb1_3,1_3,1_3&#8243; use_custom_gutter=\u00bbon\u00bb gutter_width=\u00bb2&#8243; padding_mobile=\u00bboff\u00bb make_equal=\u00bbon\u00bb column_padding_mobile=\u00bbon\u00bb disabled_on=\u00bboff|off|off\u00bb _builder_version=\u00bb4.27.3&#8243; background_size=\u00bbinitial\u00bb background_position=\u00bbtop_left\u00bb background_repeat=\u00bbrepeat\u00bb custom_margin=\u00bb|||\u00bb locked=\u00bboff\u00bb global_colors_info=\u00bb{}\u00bb][et_pb_column type=\u00bb1_3&#8243; _builder_version=\u00bb4.16&#8243; background_image=\u00bbhttps:\/\/trigano-hpa.com\/wp-content\/uploads\/2016\/10\/ILLUSTRATION_6.jpg\u00bb custom_padding=\u00bb|||\u00bb custom_css_main_element=\u00bbposition:relative;\u00bb global_colors_info=\u00bb{}\u00bb custom_padding__hover=\u00bb|||\u00bb][\/et_pb_column][et_pb_column type=\u00bb1_3&#8243; _builder_version=\u00bb4.27.2&#8243; background_enable_color=\u00bboff\u00bb custom_padding=\u00bb|||\u00bb global_colors_info=\u00bb{}\u00bb custom_padding__hover=\u00bb|||\u00bb][et_pb_text admin_label=\u00bbTexte\u00bb _builder_version=\u00bb4.23&#8243; background_size=\u00bbinitial\u00bb background_position=\u00bbtop_left\u00bb background_repeat=\u00bbrepeat\u00bb use_border_color=\u00bboff\u00bb border_style=\u00bbsolid\u00bb locked=\u00bboff\u00bb global_colors_info=\u00bb{}\u00bb]<\/p>\n<h3 style=\"text-align: center;\"><a href=\"wp-content\/uploads\/2016\/10\/ES-TRIGANO_HPA_2017.jpg\"><img loading=\"lazy\" decoding=\"async\" class=\"alignnone wp-image-3028 size-medium\" src=\"wp-content\/uploads\/2016\/10\/ES-TRIGANO_HPA_2017-300x241.jpg\" width=\"300\" height=\"241\" srcset=\"https:\/\/trigano-hpa.com\/es\/wp-content\/uploads\/2016\/10\/ES-TRIGANO_HPA_2017-300x241.jpg 300w, https:\/\/trigano-hpa.com\/es\/wp-content\/uploads\/2016\/10\/ES-TRIGANO_HPA_2017.jpg 608w\" sizes=\"(max-width: 300px) 100vw, 300px\" \/><\/a><\/h3>\n<p>&nbsp;<\/p>\n<p>&nbsp;<\/p>\n<h3 style=\"text-align: center;\">Nuestro equipo comercial est\u00e1 a su disposici\u00f3n para guiarle en su elecci\u00f3n y responder a sus necesidades.<\/h3>\n<p class=\"et_pb_member_position\" style=\"text-align: center;\">\n<p style=\"text-align: center;\">www.trigano-hpa.com<br \/>B\u00e2timent B Hall 4<br \/>3-5 rue du pont des Halles<br \/>94150 Rungis<br \/>France<\/p>\n<p>[\/et_pb_text][\/et_pb_column][et_pb_column type=\u00bb1_3&#8243; _builder_version=\u00bb4.27.3&#8243; background_image=\u00bbhttps:\/\/trigano-hpa.com\/wp-content\/uploads\/2024\/11\/mobilier-table.jpg\u00bb custom_padding=\u00bb|||\u00bb custom_css_main_element=\u00bbposition:relative;\u00bb global_colors_info=\u00bb{}\u00bb custom_padding__hover=\u00bb|||\u00bb][\/et_pb_column][\/et_pb_row][\/et_pb_section][et_pb_section fb_built=\u00bb1&#8243; admin_label=\u00bbcontactez nous\u00bb _builder_version=\u00bb4.27.3&#8243; custom_margin=\u00bb|||\u00bb custom_padding=\u00bb3px||110px|||\u00bb locked=\u00bboff\u00bb global_colors_info=\u00bb{}\u00bb theme_builder_area=\u00bbpost_content\u00bb][et_pb_row admin_label=\u00bbTestimonial Title\u00bb _builder_version=\u00bb4.16&#8243; custom_margin=\u00bb|||\u00bb animation_style=\u00bbfade\u00bb global_colors_info=\u00bb{}\u00bb theme_builder_area=\u00bbpost_content\u00bb][et_pb_column type=\u00bb4_4&#8243; _builder_version=\u00bb4.16&#8243; custom_padding=\u00bb|||\u00bb global_colors_info=\u00bb{}\u00bb custom_padding__hover=\u00bb|||\u00bb theme_builder_area=\u00bbpost_content\u00bb][et_pb_text _builder_version=\u00bb4.23&#8243; text_font=\u00bbMontserrat|on||on|\u00bb text_text_color=\u00bb#353740&#8243; text_font_size=\u00bb42px\u00bb text_line_height=\u00bb1.2em\u00bb text_orientation=\u00bbcenter\u00bb max_width=\u00bb700px\u00bb module_alignment=\u00bbcenter\u00bb global_colors_info=\u00bb{}\u00bb theme_builder_area=\u00bbpost_content\u00bb]<\/p>\n<p>Cont\u00e1ctenos<\/p>\n<p>[\/et_pb_text][et_pb_text admin_label=\u00bbSubtitle\u00bb _builder_version=\u00bb4.23&#8243; text_font=\u00bbMontserrat||||\u00bb text_text_color=\u00bb#747d88&#8243; text_font_size=\u00bb16px\u00bb text_orientation=\u00bbcenter\u00bb max_width=\u00bb800%\u00bb module_alignment=\u00bbcenter\u00bb custom_margin=\u00bb|55px||109px||\u00bb global_colors_info=\u00bb{}\u00bb theme_builder_area=\u00bbpost_content\u00bb]<\/p>\n<p>Nuestro equipo comercial est\u00e1 a su disposici\u00f3n para guiarle en sus elecciones y responder a sus necesidades.<br \/>Para cualquier solicitud espec\u00edfica, cont\u00e1ctenos.<\/p>\n<p>[\/et_pb_text][\/et_pb_column][\/et_pb_row][et_pb_row admin_label=\u00bbTestimonial\u00bb _builder_version=\u00bb4.27.4&#8243; custom_margin=\u00bb-11px|auto||auto||\u00bb custom_padding=\u00bb|||\u00bb global_colors_info=\u00bb{}\u00bb theme_builder_area=\u00bbpost_content\u00bb][et_pb_column type=\u00bb4_4&#8243; _builder_version=\u00bb4.27.4&#8243; custom_padding=\u00bb|||33%|false|false\u00bb global_colors_info=\u00bb{}\u00bb custom_padding__hover=\u00bb|||\u00bb theme_builder_area=\u00bbpost_content\u00bb][et_pb_testimonial portrait_url=\u00bbhttps:\/\/trigano-hpa.com\/es\/wp-content\/uploads\/2025\/10\/commercial-espagne-scaled.jpg\u00bb quote_icon=\u00bboff\u00bb _builder_version=\u00bb4.27.4&#8243; body_font=\u00bbMontserrat||||\u00bb body_text_color=\u00bb#747d88&#8243; body_font_size=\u00bb16px\u00bb use_background_color=\u00bboff\u00bb custom_margin=\u00bb|80px||80px|false|false\u00bb animation_style=\u00bbslide\u00bb animation_direction=\u00bbleft\u00bb animation_intensity_slide=\u00bb20%\u00bb locked=\u00bboff\u00bb global_colors_info=\u00bb{}\u00bb theme_builder_area=\u00bbpost_content\u00bb]<\/p>\n<p><strong>GERMAN AVILES<br \/><\/strong>(+34) 661.47.46.63<br \/><strong><a href=\"mailto:comercial@mobilhomeservices.com\">comercial@mobilhomeservices.com<\/a><\/strong><\/p>\n<p>[\/et_pb_testimonial][\/et_pb_column][\/et_pb_row][\/et_pb_section]<\/p>\n","protected":false},"excerpt":{"rendered":"<p>y de evoluci\u00f3n en el concepto del ocio y los alojamientos al aire libre (HPA*). Fabricaci\u00f3n francesa en nuestras f\u00e1bricas de Sarthe, Dr\u00f4me y Loiret.en el tratamiento de las lonas y la facilidad de manipulaci\u00f3n (montaje\/desmontaje).Nuestros modelos se montan y prueban durante varios a\u00f1os al aire libre en nuestros centros de producci\u00f3n.constante en todos nuestros [&hellip;]<\/p>\n","protected":false},"author":1,"featured_media":0,"parent":0,"menu_order":0,"comment_status":"closed","ping_status":"closed","template":"","meta":{"_et_pb_use_builder":"on","_et_pb_old_content":"","_et_gb_content_width":"","footnotes":""},"class_list":["post-50","page","type-page","status-publish","hentry"],"_links":{"self":[{"href":"https:\/\/trigano-hpa.com\/es\/wp-json\/wp\/v2\/pages\/50","targetHints":{"allow":["GET"]}}],"collection":[{"href":"https:\/\/trigano-hpa.com\/es\/wp-json\/wp\/v2\/pages"}],"about":[{"href":"https:\/\/trigano-hpa.com\/es\/wp-json\/wp\/v2\/types\/page"}],"author":[{"embeddable":true,"href":"https:\/\/trigano-hpa.com\/es\/wp-json\/wp\/v2\/users\/1"}],"replies":[{"embeddable":true,"href":"https:\/\/trigano-hpa.com\/es\/wp-json\/wp\/v2\/comments?post=50"}],"version-history":[{"count":28,"href":"https:\/\/trigano-hpa.com\/es\/wp-json\/wp\/v2\/pages\/50\/revisions"}],"predecessor-version":[{"id":6505,"href":"https:\/\/trigano-hpa.com\/es\/wp-json\/wp\/v2\/pages\/50\/revisions\/6505"}],"wp:attachment":[{"href":"https:\/\/trigano-hpa.com\/es\/wp-json\/wp\/v2\/media?parent=50"}],"curies":[{"name":"wp","href":"https:\/\/api.w.org\/{rel}","templated":true}]}}